{"id":21,"date":"2026-04-21T07:43:34","date_gmt":"2026-04-21T07:43:34","guid":{"rendered":"https:\/\/doulamadrid.com\/inicio\/"},"modified":"2026-04-22T13:33:07","modified_gmt":"2026-04-22T13:33:07","slug":"inicio","status":"publish","type":"page","link":"https:\/\/doulamadrid.com\/en\/","title":{"rendered":"Inicio"},"content":{"rendered":"<div class=\"wp-block-group alignfull ext-hero-section is-style-ext-preset--group--natural-1--section ext-animate--on has-background-background-color has-background has-global-padding is-layout-constrained wp-container-core-group-is-layout-e96f6837 wp-block-group-is-layout-constrained is-style-ext-preset--group--natural-1--section--1\" style=\"margin-top:0;margin-bottom:0;padding-top:0;padding-right:0;padding-bottom:0;padding-left:0\">\n<div class=\"wp-block-cover alignfull has-custom-content-position is-position-bottom-center ext-animate--on is-style-default\" style=\"padding-top:var(--wp--preset--spacing--55);padding-right:var(--wp--preset--spacing--30);padding-bottom:var(--wp--preset--spacing--55);padding-left:var(--wp--preset--spacing--30);min-height:444px;aspect-ratio:unset;\"><img loading=\"lazy\" decoding=\"async\" width=\"1024\" height=\"683\" class=\"wp-block-cover__image-background wp-image-106 size-large\" alt=\"\" src=\"https:\/\/doulamadrid.com\/wp-content\/uploads\/2026\/04\/7A1A2653-1024x683.jpg\" data-object-fit=\"cover\" srcset=\"https:\/\/doulamadrid.com\/wp-content\/uploads\/2026\/04\/7A1A2653-1024x683.jpg 1024w, https:\/\/doulamadrid.com\/wp-content\/uploads\/2026\/04\/7A1A2653-300x200.jpg 300w, https:\/\/doulamadrid.com\/wp-content\/uploads\/2026\/04\/7A1A2653-768x512.jpg 768w, https:\/\/doulamadrid.com\/wp-content\/uploads\/2026\/04\/7A1A2653-1536x1024.jpg 1536w, https:\/\/doulamadrid.com\/wp-content\/uploads\/2026\/04\/7A1A2653-2048x1365.jpg 2048w, https:\/\/doulamadrid.com\/wp-content\/uploads\/2026\/04\/7A1A2653-18x12.jpg 18w\" sizes=\"auto, (max-width: 1024px) 100vw, 1024px\" \/><span aria-hidden=\"true\" class=\"wp-block-cover__background has-background-dim-80 has-background-dim wp-block-cover__gradient-background has-background-gradient\" style=\"background:linear-gradient(0deg,rgb(1,1,1) 0%,rgba(0,0,0,0.15) 100%)\"><\/span><div class=\"wp-block-cover__inner-container has-global-padding is-layout-constrained wp-container-core-cover-is-layout-8484a25a wp-block-cover-is-layout-constrained\">\n<div class=\"wp-block-columns alignwide ext-animate--on is-layout-flex wp-container-core-columns-is-layout-47c06fe3 wp-block-columns-is-layout-flex\">\n<div class=\"wp-block-column ext-animate--on is-layout-flow wp-block-column-is-layout-flow\">\n<h1 class=\"wp-block-heading ext-animate--on has-text-color has-link-color wp-elements-87a20d21bebe7723a6ca03cdbc9cc9cf\" style=\"color:#fefefe\">sost\u00e9n y acompa\u00f1amiento en procesos vitales  <\/h1>\n\n\n\n<div class=\"wp-block-buttons ext-animate--on is-content-justification-left is-layout-flex wp-container-core-buttons-is-layout-fc4fd283 wp-block-buttons-is-layout-flex\">\n<div class=\"wp-block-button is-style-ext-preset--button--natural-1--button-1 ext-animate--on is-style-ext-preset--button--natural-1--button-1--2\"><a class=\"wp-block-button__link has-text-color has-background has-link-color wp-element-button\" href=\"https:\/\/doulamadrid.com\/en\/contacto\/\" style=\"color:#060606;background-color:#fefefe\">Descubre m\u00e1s<\/a><\/div>\n<\/div>\n<\/div>\n\n\n\n<div class=\"wp-block-column ext-animate--on is-layout-flow wp-block-column-is-layout-flow\">\n<p class=\"has-text-align-left ext-animate--on\" style=\"margin-top:1.5rem\">Acompa\u00f1o a personas embarazadas con apoyo personalizado durante el embarazo, parto y postparto, para que vivan esta etapa de manera mas tranquila, confiada y autentica. Explora mis servicios como la linea telef\u00f3nica continua, acompa\u00f1amiento durante el parto, rituales para procesar cambios vitales y un grupo de crianza regular.<\/p>\n<\/div>\n<\/div>\n<\/div><\/div>\n<\/div>\n\n\n\n<div class=\"wp-block-group alignfull is-style-ext-preset--group--natural-1--section has-background-background-color has-background has-global-padding is-layout-constrained wp-container-core-group-is-layout-e955bbaf wp-block-group-is-layout-constrained is-style-ext-preset--group--natural-1--section--3\" id=\"servicios\" style=\"margin-top:0;margin-bottom:0;padding-top:var(--wp--preset--spacing--70);padding-bottom:var(--wp--preset--spacing--70)\">\n<div class=\"wp-block-group alignwide ext-is-logical-start has-global-padding is-content-justification-left is-layout-constrained wp-container-core-group-is-layout-6729bdbe wp-block-group-is-layout-constrained\">\n<h2 class=\"wp-block-heading ext-animate--on\"><\/h2>\n\n\n\n<p class=\"has-text-align-left ext-animate--on\">Descubre nuestros servicios especializados que acompa\u00f1an y apoyan a las familias con cuidado y dedicaci\u00f3n.<\/p>\n<\/div>\n\n\n\n<div class=\"wp-block-columns alignwide is-layout-flex wp-container-core-columns-is-layout-08c01c1c wp-block-columns-is-layout-flex\">\n<div class=\"wp-block-column is-vertically-aligned-stretch ext-animate--on is-layout-flow wp-container-core-column-is-layout-119bc444 wp-block-column-is-layout-flow\">\n<div class=\"wp-block-media-text is-stacked-on-mobile is-image-fill-element is-style-ext-preset--media-text--natural-1--card-1 has-tertiary-background-color has-background is-style-ext-preset--media-text--natural-1--card-1--4\"><figure class=\"wp-block-media-text__media\"><img loading=\"lazy\" decoding=\"async\" width=\"1440\" height=\"960\" src=\"https:\/\/doulamadrid.com\/wp-content\/uploads\/2026\/04\/f53ffa179cd1cc518a5ea9836d1e19b2b5551d01.jpg\" alt=\"\" class=\"wp-image-38 size-full\" style=\"object-position:50% 50%\" srcset=\"https:\/\/doulamadrid.com\/wp-content\/uploads\/2026\/04\/f53ffa179cd1cc518a5ea9836d1e19b2b5551d01.jpg 1440w, https:\/\/doulamadrid.com\/wp-content\/uploads\/2026\/04\/f53ffa179cd1cc518a5ea9836d1e19b2b5551d01-300x200.jpg 300w, https:\/\/doulamadrid.com\/wp-content\/uploads\/2026\/04\/f53ffa179cd1cc518a5ea9836d1e19b2b5551d01-1024x683.jpg 1024w, https:\/\/doulamadrid.com\/wp-content\/uploads\/2026\/04\/f53ffa179cd1cc518a5ea9836d1e19b2b5551d01-768x512.jpg 768w\" sizes=\"auto, (max-width: 1440px) 100vw, 1440px\" \/><\/figure><div class=\"wp-block-media-text__content\">\n<div class=\"wp-block-group is-style-default has-global-padding is-layout-constrained wp-container-core-group-is-layout-9a7b35d3 wp-block-group-is-layout-constrained\" style=\"padding-top:var(--wp--preset--spacing--40);padding-right:var(--wp--preset--spacing--30);padding-bottom:var(--wp--preset--spacing--40);padding-left:var(--wp--preset--spacing--30)\">\n<h3 class=\"wp-block-heading\" style=\"font-size:clamp(15.747px, 0.984rem + ((1vw - 3.2px) * 0.86), 24px);\">Acompa\u00f1amiento parto<\/h3>\n\n\n\n<p class=\"has-small-font-size\">Brindamos apoyo emocional continuo para que te sientas segura y acompa\u00f1ada en cada momento.<\/p>\n<\/div>\n<\/div><\/div>\n<\/div>\n\n\n\n<div class=\"wp-block-column is-vertically-aligned-stretch ext-animate--on is-layout-flow wp-container-core-column-is-layout-119bc444 wp-block-column-is-layout-flow\">\n<div class=\"wp-block-media-text is-stacked-on-mobile is-image-fill-element is-style-ext-preset--media-text--natural-1--card-1 has-tertiary-background-color has-background is-style-ext-preset--media-text--natural-1--card-1--5\"><figure class=\"wp-block-media-text__media\"><img loading=\"lazy\" decoding=\"async\" width=\"960\" height=\"1440\" src=\"https:\/\/doulamadrid.com\/wp-content\/uploads\/2026\/04\/8b854cebcad65cd468ce979d1872ade325ec1838.jpg\" alt=\"\" class=\"wp-image-62 size-full\" style=\"object-position:50% 50%\"\/><\/figure><div class=\"wp-block-media-text__content\">\n<div class=\"wp-block-group is-style-default has-global-padding is-layout-constrained wp-container-core-group-is-layout-9a7b35d3 wp-block-group-is-layout-constrained\" style=\"padding-top:var(--wp--preset--spacing--40);padding-right:var(--wp--preset--spacing--30);padding-bottom:var(--wp--preset--spacing--40);padding-left:var(--wp--preset--spacing--30)\">\n<h3 class=\"wp-block-heading\" style=\"font-size:clamp(15.747px, 0.984rem + ((1vw - 3.2px) * 0.86), 24px);\">Rituales<\/h3>\n\n\n\n<p class=\"has-small-font-size\">Ofrecemos talleres y gu\u00eda pr\u00e1ctica para que afrontes el parto con confianza y tranquilidad.<\/p>\n<\/div>\n<\/div><\/div>\n<\/div>\n<\/div>\n\n\n\n<div class=\"wp-block-columns alignwide is-layout-flex wp-container-core-columns-is-layout-967d05ff wp-block-columns-is-layout-flex\" style=\"margin-top:var(--wp--preset--spacing--40)\">\n<div class=\"wp-block-column is-vertically-aligned-stretch ext-animate--on is-layout-flow wp-container-core-column-is-layout-119bc444 wp-block-column-is-layout-flow\">\n<div class=\"wp-block-media-text is-stacked-on-mobile is-image-fill-element is-style-ext-preset--media-text--natural-1--card-1 has-tertiary-background-color has-background is-style-ext-preset--media-text--natural-1--card-1--6\"><figure class=\"wp-block-media-text__media\"><img loading=\"lazy\" decoding=\"async\" width=\"1440\" height=\"960\" src=\"https:\/\/doulamadrid.com\/wp-content\/uploads\/2026\/04\/b53a2afc473f116d40d1bcfce083544059432743.jpg\" alt=\"\" class=\"wp-image-133 size-full\" style=\"object-position:50% 50%\"\/><\/figure><div class=\"wp-block-media-text__content\">\n<div class=\"wp-block-group is-style-default has-global-padding is-layout-constrained wp-container-core-group-is-layout-9a7b35d3 wp-block-group-is-layout-constrained\" style=\"padding-top:var(--wp--preset--spacing--40);padding-right:var(--wp--preset--spacing--30);padding-bottom:var(--wp--preset--spacing--40);padding-left:var(--wp--preset--spacing--30)\">\n<h3 class=\"wp-block-heading\" style=\"font-size:clamp(15.747px, 0.984rem + ((1vw - 3.2px) * 0.86), 24px);\">Doula hotline<\/h3>\n\n\n\n<p class=\"has-small-font-size\">Proporcionamos asistencia personalizada para una recuperaci\u00f3n saludable y adaptada a tus necesidades.<\/p>\n<\/div>\n<\/div><\/div>\n<\/div>\n\n\n\n<div class=\"wp-block-column is-vertically-aligned-stretch ext-animate--on is-layout-flow wp-container-core-column-is-layout-119bc444 wp-block-column-is-layout-flow\">\n<div class=\"wp-block-media-text is-stacked-on-mobile is-image-fill-element is-style-ext-preset--media-text--natural-1--card-1 has-tertiary-background-color has-background is-style-ext-preset--media-text--natural-1--card-1--7\"><figure class=\"wp-block-media-text__media\"><img loading=\"lazy\" decoding=\"async\" width=\"1440\" height=\"1080\" src=\"https:\/\/doulamadrid.com\/wp-content\/uploads\/2026\/04\/c7ecd56abb6abd6c0365d5786745de0db6f21362.jpg\" alt=\"\" class=\"wp-image-138 size-full\" style=\"object-position:50% 50%\" srcset=\"https:\/\/doulamadrid.com\/wp-content\/uploads\/2026\/04\/c7ecd56abb6abd6c0365d5786745de0db6f21362.jpg 1440w, https:\/\/doulamadrid.com\/wp-content\/uploads\/2026\/04\/c7ecd56abb6abd6c0365d5786745de0db6f21362-300x225.jpg 300w, https:\/\/doulamadrid.com\/wp-content\/uploads\/2026\/04\/c7ecd56abb6abd6c0365d5786745de0db6f21362-1024x768.jpg 1024w, https:\/\/doulamadrid.com\/wp-content\/uploads\/2026\/04\/c7ecd56abb6abd6c0365d5786745de0db6f21362-768x576.jpg 768w, https:\/\/doulamadrid.com\/wp-content\/uploads\/2026\/04\/c7ecd56abb6abd6c0365d5786745de0db6f21362-16x12.jpg 16w\" sizes=\"auto, (max-width: 1440px) 100vw, 1440px\" \/><\/figure><div class=\"wp-block-media-text__content\">\n<div class=\"wp-block-group is-style-default has-global-padding is-layout-constrained wp-container-core-group-is-layout-9a7b35d3 wp-block-group-is-layout-constrained\" style=\"padding-top:var(--wp--preset--spacing--40);padding-right:var(--wp--preset--spacing--30);padding-bottom:var(--wp--preset--spacing--40);padding-left:var(--wp--preset--spacing--30)\">\n<h3 class=\"wp-block-heading\" style=\"font-size:clamp(15.747px, 0.984rem + ((1vw - 3.2px) * 0.86), 24px);\">Grupo de Crianzas Creativas<\/h3>\n\n\n\n<p class=\"has-small-font-size\">Atenci\u00f3n individualizada para resolver tus dudas y apoyar tu bienestar durante el embarazo.<\/p>\n<\/div>\n<\/div><\/div>\n<\/div>\n<\/div>\n<\/div>\n\n\n\n<div class=\"wp-block-group alignfull is-style-ext-preset--group--natural-1--section has-tertiary-background-color has-background has-global-padding is-layout-constrained wp-container-core-group-is-layout-e955bbaf wp-block-group-is-layout-constrained is-style-ext-preset--group--natural-1--section--8\" id=\"caracteristicas\" style=\"margin-top:0;margin-bottom:0;padding-top:var(--wp--preset--spacing--70);padding-bottom:var(--wp--preset--spacing--70)\">\n<div class=\"wp-block-group alignwide ext-is-logical-start has-global-padding is-content-justification-left is-layout-constrained wp-container-core-group-is-layout-6729bdbe wp-block-group-is-layout-constrained\">\n<h2 class=\"wp-block-heading ext-animate--on\"><strong>\u00bf<\/strong>Que hacemos las doulas?<\/h2>\n\n\n\n<p class=\"has-text-align-left ext-animate--on\">La doula es una figura que aborda las necesidades emocionales y practicas que tienen las madres y\/o las familias. No somos profesionales de la salud, sino una figura que cubre la parte emocional y social. Aparte de poder ser tu aliada durante el parto ofreciendo medidas para el manejo del dolor y velando por una experiencia positiva y respetuosa, podemos estar ahi para otras cosas, por ejemplo cuando;<\/p>\n<\/div>\n\n\n\n<div class=\"wp-block-columns alignwide is-layout-flex wp-container-core-columns-is-layout-87beb0d0 wp-block-columns-is-layout-flex\">\n<div class=\"wp-block-column is-vertically-aligned-stretch ext-animate--on is-layout-flow wp-container-core-column-is-layout-119bc444 wp-block-column-is-layout-flow\">\n<div class=\"wp-block-media-text is-stacked-on-mobile is-image-fill-element is-style-ext-preset--media-text--natural-1--card-1 has-background-background-color has-background is-style-ext-preset--media-text--natural-1--card-1--9\"><figure class=\"wp-block-media-text__media\"><img loading=\"lazy\" decoding=\"async\" width=\"683\" height=\"1024\" src=\"https:\/\/doulamadrid.com\/wp-content\/uploads\/2026\/04\/7A1A2428-683x1024.jpg\" alt=\"\" class=\"wp-image-371 size-full\" style=\"object-position:50% 50%\" srcset=\"https:\/\/doulamadrid.com\/wp-content\/uploads\/2026\/04\/7A1A2428-683x1024.jpg 683w, https:\/\/doulamadrid.com\/wp-content\/uploads\/2026\/04\/7A1A2428-200x300.jpg 200w, https:\/\/doulamadrid.com\/wp-content\/uploads\/2026\/04\/7A1A2428-768x1152.jpg 768w, https:\/\/doulamadrid.com\/wp-content\/uploads\/2026\/04\/7A1A2428-1024x1536.jpg 1024w, https:\/\/doulamadrid.com\/wp-content\/uploads\/2026\/04\/7A1A2428-1365x2048.jpg 1365w, https:\/\/doulamadrid.com\/wp-content\/uploads\/2026\/04\/7A1A2428-8x12.jpg 8w, https:\/\/doulamadrid.com\/wp-content\/uploads\/2026\/04\/7A1A2428-scaled.jpg 1707w\" sizes=\"auto, (max-width: 683px) 100vw, 683px\" \/><\/figure><div class=\"wp-block-media-text__content\">\n<div class=\"wp-block-group is-style-default has-global-padding is-layout-constrained wp-container-core-group-is-layout-9a7b35d3 wp-block-group-is-layout-constrained\" style=\"padding-top:var(--wp--preset--spacing--40);padding-right:var(--wp--preset--spacing--30);padding-bottom:var(--wp--preset--spacing--40);padding-left:var(--wp--preset--spacing--30)\">\n<h3 class=\"wp-block-heading\" style=\"font-size:clamp(15.747px, 0.984rem + ((1vw - 3.2px) * 0.86), 24px);\">Te sientes sola;<\/h3>\n\n\n\n<p class=\"has-small-font-size\">Esta sensaci\u00f3n puede estar ahi aun cuando tenemos una red. A veces es mas f\u00e1cil hablar con una figura neutra. <\/p>\n<\/div>\n<\/div><\/div>\n<\/div>\n\n\n\n<div class=\"wp-block-column is-vertically-aligned-stretch ext-animate--on is-layout-flow wp-container-core-column-is-layout-119bc444 wp-block-column-is-layout-flow\">\n<div class=\"wp-block-media-text is-stacked-on-mobile is-image-fill-element is-style-ext-preset--media-text--natural-1--card-1 has-background-background-color has-background is-style-ext-preset--media-text--natural-1--card-1--10\"><figure class=\"wp-block-media-text__media\"><img loading=\"lazy\" decoding=\"async\" width=\"683\" height=\"1024\" src=\"https:\/\/doulamadrid.com\/wp-content\/uploads\/2026\/04\/7A1A2592-683x1024.jpg\" alt=\"\" class=\"wp-image-373 size-full\" style=\"object-position:50% 50%\" srcset=\"https:\/\/doulamadrid.com\/wp-content\/uploads\/2026\/04\/7A1A2592-683x1024.jpg 683w, https:\/\/doulamadrid.com\/wp-content\/uploads\/2026\/04\/7A1A2592-200x300.jpg 200w, https:\/\/doulamadrid.com\/wp-content\/uploads\/2026\/04\/7A1A2592-768x1152.jpg 768w, https:\/\/doulamadrid.com\/wp-content\/uploads\/2026\/04\/7A1A2592-1024x1536.jpg 1024w, https:\/\/doulamadrid.com\/wp-content\/uploads\/2026\/04\/7A1A2592-1365x2048.jpg 1365w, https:\/\/doulamadrid.com\/wp-content\/uploads\/2026\/04\/7A1A2592-8x12.jpg 8w, https:\/\/doulamadrid.com\/wp-content\/uploads\/2026\/04\/7A1A2592-scaled.jpg 1707w\" sizes=\"auto, (max-width: 683px) 100vw, 683px\" \/><\/figure><div class=\"wp-block-media-text__content\">\n<div class=\"wp-block-group is-style-default has-global-padding is-layout-constrained wp-container-core-group-is-layout-9a7b35d3 wp-block-group-is-layout-constrained\" style=\"padding-top:var(--wp--preset--spacing--40);padding-right:var(--wp--preset--spacing--30);padding-bottom:var(--wp--preset--spacing--40);padding-left:var(--wp--preset--spacing--30)\">\n<h3 class=\"wp-block-heading\" style=\"font-size:clamp(15.747px, 0.984rem + ((1vw - 3.2px) * 0.86), 24px);\">Tienes un conflicto;<\/h3>\n\n\n\n<p class=\"has-small-font-size\">Hay muchos cambios, y a veces esto provoca conflictos con la pareja, la familia, o incluso amigos. Podemos escuchar y mediar. <\/p>\n<\/div>\n<\/div><\/div>\n<\/div>\n<\/div>\n\n\n\n<div class=\"wp-block-columns alignwide is-layout-flex wp-container-core-columns-is-layout-e12f0bcd wp-block-columns-is-layout-flex\" style=\"margin-top:var(--wp--preset--spacing--30)\">\n<div class=\"wp-block-column ext-animate--on is-layout-flow wp-container-core-column-is-layout-119bc444 wp-block-column-is-layout-flow\">\n<div class=\"wp-block-media-text is-stacked-on-mobile is-image-fill-element is-style-ext-preset--media-text--natural-1--card-1 has-background-background-color has-background is-style-ext-preset--media-text--natural-1--card-1--11\"><figure class=\"wp-block-media-text__media\"><img loading=\"lazy\" decoding=\"async\" width=\"1024\" height=\"818\" src=\"https:\/\/doulamadrid.com\/wp-content\/uploads\/2026\/04\/retocada-4-1024x818.jpg\" alt=\"\" class=\"wp-image-385 size-full\" style=\"object-position:50% 50%\" srcset=\"https:\/\/doulamadrid.com\/wp-content\/uploads\/2026\/04\/retocada-4-1024x818.jpg 1024w, https:\/\/doulamadrid.com\/wp-content\/uploads\/2026\/04\/retocada-4-300x240.jpg 300w, https:\/\/doulamadrid.com\/wp-content\/uploads\/2026\/04\/retocada-4-768x614.jpg 768w, https:\/\/doulamadrid.com\/wp-content\/uploads\/2026\/04\/retocada-4-1536x1227.jpg 1536w, https:\/\/doulamadrid.com\/wp-content\/uploads\/2026\/04\/retocada-4-2048x1636.jpg 2048w, https:\/\/doulamadrid.com\/wp-content\/uploads\/2026\/04\/retocada-4-15x12.jpg 15w\" sizes=\"auto, (max-width: 1024px) 100vw, 1024px\" \/><\/figure><div class=\"wp-block-media-text__content\">\n<div class=\"wp-block-group is-style-default has-global-padding is-layout-constrained wp-container-core-group-is-layout-9a7b35d3 wp-block-group-is-layout-constrained\" style=\"padding-top:var(--wp--preset--spacing--40);padding-right:var(--wp--preset--spacing--30);padding-bottom:var(--wp--preset--spacing--40);padding-left:var(--wp--preset--spacing--30)\">\n<h3 class=\"wp-block-heading\" style=\"font-size:clamp(15.747px, 0.984rem + ((1vw - 3.2px) * 0.86), 24px);\">No puedes m\u00e1s;<\/h3>\n\n\n\n<p class=\"has-small-font-size\">A veces no puedes mas, y estamos ahi para dar apoyo practico, hacer esa lavadora, preparar esa comida.  <\/p>\n<\/div>\n<\/div><\/div>\n<\/div>\n\n\n\n<div class=\"wp-block-column ext-animate--on is-layout-flow wp-container-core-column-is-layout-119bc444 wp-block-column-is-layout-flow\">\n<div class=\"wp-block-media-text is-stacked-on-mobile is-image-fill-element is-style-ext-preset--media-text--natural-1--card-1 has-background-background-color has-background is-style-ext-preset--media-text--natural-1--card-1--12\"><figure class=\"wp-block-media-text__media\"><img loading=\"lazy\" decoding=\"async\" width=\"1024\" height=\"683\" src=\"https:\/\/doulamadrid.com\/wp-content\/uploads\/2026\/04\/7A1A2655-1024x683.jpg\" alt=\"\" class=\"wp-image-387 size-full\" style=\"object-position:50% 50%\" srcset=\"https:\/\/doulamadrid.com\/wp-content\/uploads\/2026\/04\/7A1A2655-1024x683.jpg 1024w, https:\/\/doulamadrid.com\/wp-content\/uploads\/2026\/04\/7A1A2655-300x200.jpg 300w, https:\/\/doulamadrid.com\/wp-content\/uploads\/2026\/04\/7A1A2655-768x512.jpg 768w, https:\/\/doulamadrid.com\/wp-content\/uploads\/2026\/04\/7A1A2655-1536x1024.jpg 1536w, https:\/\/doulamadrid.com\/wp-content\/uploads\/2026\/04\/7A1A2655-2048x1365.jpg 2048w, https:\/\/doulamadrid.com\/wp-content\/uploads\/2026\/04\/7A1A2655-18x12.jpg 18w\" sizes=\"auto, (max-width: 1024px) 100vw, 1024px\" \/><\/figure><div class=\"wp-block-media-text__content\">\n<div class=\"wp-block-group is-style-default has-global-padding is-layout-constrained wp-container-core-group-is-layout-9a7b35d3 wp-block-group-is-layout-constrained\" style=\"padding-top:var(--wp--preset--spacing--40);padding-right:var(--wp--preset--spacing--30);padding-bottom:var(--wp--preset--spacing--40);padding-left:var(--wp--preset--spacing--30)\">\n<h3 class=\"wp-block-heading\" style=\"font-size:clamp(15.747px, 0.984rem + ((1vw - 3.2px) * 0.86), 24px);\">Tienes miedo;<\/h3>\n\n\n\n<p class=\"has-small-font-size\">Es normal sentir miedo en el embarazo, el parto y el postparto. Ofrecemos herramientas y sosten para abordarlo.<\/p>\n<\/div>\n<\/div><\/div>\n<\/div>\n<\/div>\n<\/div>\n\n\n\n<div class=\"wp-block-group alignfull is-style-ext-preset--group--natural-1--section ext-animate--on has-background-background-color has-background has-global-padding is-layout-constrained wp-container-core-group-is-layout-ab56ae29 wp-block-group-is-layout-constrained is-style-ext-preset--group--natural-1--section--13\" id=\"reservar-ahora\" style=\"margin-top:0;margin-bottom:0;padding-top:var(--wp--preset--spacing--70);padding-bottom:var(--wp--preset--spacing--70)\">\n<h2 class=\"wp-block-heading has-text-align-center ext-animate--on\">Reserva<\/h2>\n\n\n\n<p class=\"has-text-align-center ext-animate--on\" style=\"margin-top:1.5rem\">Una cita informativa gratuita o cualquiera de mis servicios. <\/p>\n\n\n\n<div class=\"wp-block-group alignwide ext-animate--on has-global-padding is-layout-constrained wp-block-group-is-layout-constrained\"><div id=\"sbw_z0hg2i_calendar\"><\/div><script type=\"text\/javascript\">function instantiateSimplyBookWidget() {    new SimplybookWidget({        \"widget_type\": \"iframe\",        \"url\": \"https:\/\/rsp3630471608.simplybook.it\",        \"theme\": \"default\",        \"theme_settings\": {\"timeline_show_end_time\":false,\"timeline_hide_unavailable\":true,\"hide_past_days\":false,\"hide_img_mode\":true,\"show_sidebar\":true,\"timeline_modern_display\":\"as_slots\",\"display_item_mode\":\"block\",\"sb_base_color\":\"#4D4848\",\"booking_nav_bg_color\":\"#b30335\",\"body_bg_color\":\"#f7f7f7\",\"dark_font_color\":\"#494949\",\"light_font_color\":\"var(--wp--custom--elements--button--color--text)\",\"btn_color_1\":\"#b30335\",\"sb_company_label_color\":\"#b30335\",\"sb_busy\":\"#4D4848\",\"sb_available\":\"#f9e8e8\",\"sb_review_image\":\"\",\"hide_company_label\":false,\"link_color\":\"var(--wp--custom--elements--button--color--background)\"},        \"timeline\": \"modern\",        \"datepicker\": \"top_calendar\",        \"is_rtl\": \"\",        \"app_config\": {            \"clear_session\": \"1\",            \"allow_switch_to_ada\": \"\",            \"predefined\": [],        },        \"container_id\": \"sbw_z0hg2i_calendar\"    });}document.addEventListener(\"DOMContentLoaded\", instantiateSimplyBookWidget);document.addEventListener(\"loadSimplyBookPreviewWidget\", instantiateSimplyBookWidget);<\/script><\/div>\n<\/div>","protected":false},"excerpt":{"rendered":"<p>Descubre nuestros servicios especializados que acompa\u00f1an y apoyan a las familias con cuidado y dedicaci\u00f3n. Acompa\u00f1amiento parto Brindamos apoyo emocional continuo para que te sientas segura y acompa\u00f1ada en cada momento. Rituales Ofrecemos talleres y gu\u00eda pr\u00e1ctica para que afrontes el parto con confianza y tranquilidad. Doula hotline Proporcionamos asistencia personalizada para una recuperaci\u00f3n saludable [&hellip;]<\/p>\n","protected":false},"author":1,"featured_media":0,"parent":0,"menu_order":0,"comment_status":"closed","ping_status":"closed","template":"no-title","meta":{"footnotes":""},"class_list":["post-21","page","type-page","status-publish","hentry"],"_links":{"self":[{"href":"https:\/\/doulamadrid.com\/en\/wp-json\/wp\/v2\/pages\/21","targetHints":{"allow":["GET"]}}],"collection":[{"href":"https:\/\/doulamadrid.com\/en\/wp-json\/wp\/v2\/pages"}],"about":[{"href":"https:\/\/doulamadrid.com\/en\/wp-json\/wp\/v2\/types\/page"}],"author":[{"embeddable":true,"href":"https:\/\/doulamadrid.com\/en\/wp-json\/wp\/v2\/users\/1"}],"replies":[{"embeddable":true,"href":"https:\/\/doulamadrid.com\/en\/wp-json\/wp\/v2\/comments?post=21"}],"version-history":[{"count":151,"href":"https:\/\/doulamadrid.com\/en\/wp-json\/wp\/v2\/pages\/21\/revisions"}],"predecessor-version":[{"id":402,"href":"https:\/\/doulamadrid.com\/en\/wp-json\/wp\/v2\/pages\/21\/revisions\/402"}],"wp:attachment":[{"href":"https:\/\/doulamadrid.com\/en\/wp-json\/wp\/v2\/media?parent=21"}],"curies":[{"name":"wp","href":"https:\/\/api.w.org\/{rel}","templated":true}]}}